{"id":302,"date":"2018-04-01T16:23:40","date_gmt":"2018-04-01T14:23:40","guid":{"rendered":"https:\/\/www.pvcobaly.cz\/kontakt\/"},"modified":"2022-04-15T10:05:35","modified_gmt":"2022-04-15T08:05:35","slug":"kontakt","status":"publish","type":"page","link":"https:\/\/www.pvcobaly.cz\/de\/kontakt\/","title":{"rendered":"Kontakt"},"content":{"rendered":"<div class=\"row contentrow\">\n<div class=\"six columns\">\n<h1>KONTAKT \u2013 VERKAUF<\/h1>\n<p>Monika Kub\u00ednov\u00e1<br \/>\nTel.: +420&nbsp;573&nbsp;329&nbsp;429<br \/>\nMobil: +420&nbsp;724&nbsp;405&nbsp;864<br \/>\nEmail: <a href=\"mailto:monika.kubinova@fatra.cz\">monika.kubinova@fatra.cz<\/a><\/p>\n<\/div>\n<\/div>\n<div class=\"row contentrow\">\n<div class=\"six columns\">\n<h3>BETRIEB NAPAJEDLA<\/h3>\n<p>Fatra, a.s.<br \/>\nt\u0159\u00edda Tom\u00e1\u0161e Bati 1541<br \/>\n763&nbsp;61 Napajedla<br \/>\nCzech Republic<br \/>\nTel.: +420&nbsp;577&nbsp;501&nbsp;111<br \/>\nFax: +420&nbsp;577&nbsp;503&nbsp;001<br \/>\nEmail: <a href=\"mailto:info@fatra.cz\" target=\"_blank\" rel=\"noopener noreferrer\">info@fatra.cz<\/a><\/p>\n<p>I\u010cO: 27465021<br \/>\nDI\u010c: CZ27465021<\/p>\n<\/div>\n<div class=\"six columns\"><iframe loading=\"lazy\" style=\"border: 0\" src=\"https:\/\/www.google.com\/maps\/embed?pb=!4v1529056503632!6m8!1m7!1sW90EKom8wAr4QOKbqr-z6Q!2m2!1d49.16984398570177!2d17.50700055048881!3f277.35236!4f0!5f0.7820865974627469\" width=\"300\" height=\"400\" frameborder=\"0\" allowfullscreen=\"allowfullscreen\"><\/iframe><\/div>\n<\/div>\n<div class=\"row contentrow\">\n<div class=\"six columns\">\n<h3>BETRIEB CHROPYN\u011a<\/h3>\n<p><strong>Fatra, a.s. \u2013 Chropyn\u011b Betrieb<\/strong><br \/>\nKomensk\u00e9ho 75<br \/>\n768&nbsp;11 Chropyn\u011b<\/p>\n<\/div>\n<div class=\"six columns\"><iframe loading=\"lazy\" style=\"border: 0\" src=\"https:\/\/www.google.com\/maps\/embed?pb=!4v1529056586936!6m8!1m7!1ssqy-ixuV_4Ol_OwFZ1TWBA!2m2!1d49.35736340584104!2d17.37059158575446!3f352.75455!4f0!5f0.7820865974627469\" width=\"300\" height=\"400\" frameborder=\"0\" allowfullscreen=\"allowfullscreen\"><\/iframe><\/div>\n<\/div>\n<div class=\"six columns\"><\/div>\n<div class=\"row contentrow\">\n<div class=\"twelve columns\">Fatra, a.s., Napajedla, t\u0159\u00edda Tom\u00e1\u0161e Bati 1541, PLZ: 763&nbsp;61 eingetragen im Handelsregister bei KG in Br\u00fcnn, Abt. B, Einlage 4598<br \/>\n* Mitglied des AGROFERT-Konzern.<\/div>\n<\/div>\n","protected":false},"excerpt":{"rendered":"<p>KONTAKT \u2013 VERKAUF Monika Kub\u00ednov\u00e1 Tel.: +420&nbsp;573&nbsp;329&nbsp;429 Mobil: +420&nbsp;724&nbsp;405&nbsp;864 Email: monika.kubinova@fatra.cz BETRIEB NAPAJEDLA Fatra, a.s. t\u0159\u00edda Tom\u00e1\u0161e Bati 1541&nbsp;763&nbsp;61 Napajedla Czech Republic Tel.: +420&nbsp;577&nbsp;501&nbsp;111 Fax: +420&nbsp;577&nbsp;503&nbsp;001 Email: info@fatra.cz I\u010cO: 27465021 DI\u010c: CZ27465021 BETRIEB CHROPYN\u011a Fatra, a.s. \u2013 Chropyn\u011b Betrieb Komensk\u00e9ho 75&nbsp;768&nbsp;11 Chropyn\u011b Fatra, a.s., Napajedla, t\u0159\u00edda Tom\u00e1\u0161e Bati 1541, PLZ: 763&nbsp;61 eingetragen im [&hellip;]<\/p>\n","protected":false},"author":1,"featured_media":303,"parent":0,"menu_order":0,"comment_status":"closed","ping_status":"closed","template":"header_map.php","meta":{"footnotes":""},"class_list":["post-302","page","type-page","status-publish","has-post-thumbnail","hentry"],"_links":{"self":[{"href":"https:\/\/www.pvcobaly.cz\/de\/wp-json\/wp\/v2\/pages\/302","targetHints":{"allow":["GET"]}}],"collection":[{"href":"https:\/\/www.pvcobaly.cz\/de\/wp-json\/wp\/v2\/pages"}],"about":[{"href":"https:\/\/www.pvcobaly.cz\/de\/wp-json\/wp\/v2\/types\/page"}],"author":[{"embeddable":true,"href":"https:\/\/www.pvcobaly.cz\/de\/wp-json\/wp\/v2\/users\/1"}],"replies":[{"embeddable":true,"href":"https:\/\/www.pvcobaly.cz\/de\/wp-json\/wp\/v2\/comments?post=302"}],"version-history":[{"count":0,"href":"https:\/\/www.pvcobaly.cz\/de\/wp-json\/wp\/v2\/pages\/302\/revisions"}],"wp:featuredmedia":[{"embeddable":true,"href":"https:\/\/www.pvcobaly.cz\/de\/wp-json\/wp\/v2\/media\/303"}],"wp:attachment":[{"href":"https:\/\/www.pvcobaly.cz\/de\/wp-json\/wp\/v2\/media?parent=302"}],"curies":[{"name":"wp","href":"https:\/\/api.w.org\/{rel}","templated":true}]}}